{"id":168,"date":"2025-06-03T23:58:05","date_gmt":"2025-06-03T23:58:05","guid":{"rendered":"https:\/\/zone.zselicvolgy.hu\/?post_type=product&#038;p=168"},"modified":"2026-03-04T09:05:26","modified_gmt":"2026-03-04T09:05:26","slug":"galosfa-vendeghaz-franciaagyas-szoba","status":"publish","type":"product","link":"https:\/\/zone.zselicvolgy.hu\/index.php\/termek\/galosfa-vendeghaz-franciaagyas-szoba\/","title":{"rendered":"G\u00e1losfa Vend\u00e9gh\u00e1z &#8211; Francia\u00e1gyas szoba"},"content":{"rendered":"<p>Kl\u00edma | Minib\u00e1r | LCD telev\u00edzi\u00f3 | WIFI | F\u00fcrd\u0151k\u00f6nt\u00f6s haszn\u00e1lat | Hajsz\u00e1r\u00edt\u00f3 | Fegyverszekr\u00e9ny<\/p>\n","protected":false},"excerpt":{"rendered":"<p>2 f\u0151 \/ 3 nap, 2 \u00e9jszaka reggelivel<\/p>\n<p>A sz\u00e1ll\u00e1s tartalmazza a s\u00e9t\u00e1l\u00f3jegy \u00e1r\u00e1t is.<\/p>\n","protected":false},"featured_media":507,"template":"","meta":{"_acf_changed":false},"product_brand":[],"product_cat":[15],"product_tag":[],"class_list":{"0":"post-168","1":"product","2":"type-product","3":"status-publish","4":"has-post-thumbnail","6":"product_cat-egyeb","8":"first","9":"instock","10":"taxable","11":"shipping-taxable","12":"purchasable","13":"product-type-simple"},"acf":[],"_links":{"self":[{"href":"https:\/\/zone.zselicvolgy.hu\/index.php\/wp-json\/wp\/v2\/product\/168","targetHints":{"allow":["GET"]}}],"collection":[{"href":"https:\/\/zone.zselicvolgy.hu\/index.php\/wp-json\/wp\/v2\/product"}],"about":[{"href":"https:\/\/zone.zselicvolgy.hu\/index.php\/wp-json\/wp\/v2\/types\/product"}],"wp:featuredmedia":[{"embeddable":true,"href":"https:\/\/zone.zselicvolgy.hu\/index.php\/wp-json\/wp\/v2\/media\/507"}],"wp:attachment":[{"href":"https:\/\/zone.zselicvolgy.hu\/index.php\/wp-json\/wp\/v2\/media?parent=168"}],"wp:term":[{"taxonomy":"product_brand","embeddable":true,"href":"https:\/\/zone.zselicvolgy.hu\/index.php\/wp-json\/wp\/v2\/product_brand?post=168"},{"taxonomy":"product_cat","embeddable":true,"href":"https:\/\/zone.zselicvolgy.hu\/index.php\/wp-json\/wp\/v2\/product_cat?post=168"},{"taxonomy":"product_tag","embeddable":true,"href":"https:\/\/zone.zselicvolgy.hu\/index.php\/wp-json\/wp\/v2\/product_tag?post=168"}],"curies":[{"name":"wp","href":"https:\/\/api.w.org\/{rel}","templated":true}]}}